{"id":3071,"date":"2024-04-27T14:06:10","date_gmt":"2024-04-27T14:06:10","guid":{"rendered":"https:\/\/astronicweb.com\/?page_id=3071"},"modified":"2024-05-16T13:38:06","modified_gmt":"2024-05-16T13:38:06","slug":"price-list","status":"publish","type":"page","link":"https:\/\/astronicweb.com\/de\/preisliste\/","title":{"rendered":"Preisliste"},"content":{"rendered":"<div data-elementor-type=\"wp-page\" data-elementor-id=\"3071\" class=\"elementor elementor-3071\" data-elementor-settings=\"{&quot;ha_cmc_init_switcher&quot;:&quot;no&quot;}\" data-elementor-post-type=\"page\">\n\t\t\t\t<div class=\"elementor-element elementor-element-cfbd2b4 e-flex e-con-boxed e-con e-parent\" data-id=\"cfbd2b4\" data-element_type=\"container\" data-settings=\"{&quot;background_background&quot;:&quot;classic&quot;,&quot;_ha_eqh_enable&quot;:false}\">\n\t\t\t\t\t<div class=\"e-con-inner\">\n\t\t<div class=\"elementor-element elementor-element-cf71b4c e-con-full e-flex e-con e-child\" data-id=\"cf71b4c\" data-element_type=\"container\" data-settings=\"{&quot;_ha_eqh_enable&quot;:false}\">\n\t\t<div class=\"elementor-element elementor-element-ff058df e-con-full e-flex e-con e-child\" data-id=\"ff058df\" data-element_type=\"container\" data-settings=\"{&quot;_ha_eqh_enable&quot;:false}\">\n\t\t<div class=\"elementor-element elementor-element-edd855b e-con-full e-flex elementor-invisible e-con e-child\" data-id=\"edd855b\" data-element_type=\"container\" data-settings=\"{&quot;animation&quot;:&quot;fadeInUp&quot;,&quot;_ha_eqh_enable&quot;:false}\">\n\t\t\t\t<div class=\"elementor-element elementor-element-bdb4395 elementor-widget elementor-widget-heading\" data-id=\"bdb4395\" data-element_type=\"widget\" data-widget_type=\"heading.default\">\n\t\t\t\t<div class=\"elementor-widget-container\">\n\t\t\t<h6 class=\"elementor-heading-title elementor-size-default\">Was wir anbieten<\/h6>\t\t<\/div>\n\t\t\t\t<\/div>\n\t\t\t\t<div class=\"elementor-element elementor-element-40c6a02 elementor-widget elementor-widget-heading\" data-id=\"40c6a02\" data-element_type=\"widget\" data-widget_type=\"heading.default\">\n\t\t\t\t<div class=\"elementor-widget-container\">\n\t\t\t<h2 class=\"elementor-heading-title elementor-size-default\">Preisliste<\/h2>\t\t<\/div>\n\t\t\t\t<\/div>\n\t\t\t\t<\/div>\n\t\t\t\t<\/div>\n\t\t\t\t<\/div>\n\t\t\t\t\t<\/div>\n\t\t\t\t<\/div>\n\t\t<div class=\"elementor-element elementor-element-6bd14aa e-flex e-con-boxed e-con e-parent\" data-id=\"6bd14aa\" data-element_type=\"container\" data-settings=\"{&quot;_ha_eqh_enable&quot;:false}\">\n\t\t\t\t\t<div class=\"e-con-inner\">\n\t\t<a class=\"elementor-element elementor-element-2209831 e-con-full container e-flex e-con e-child\" data-id=\"2209831\" data-element_type=\"container\" data-settings=\"{&quot;_ha_eqh_enable&quot;:false}\" href=\"https:\/\/astronicweb.com\/de\/apfel\/\">\n\t\t\t\t<div class=\"elementor-element elementor-element-c6be825 elementor-widget elementor-widget-image\" data-id=\"c6be825\" data-element_type=\"widget\" data-widget_type=\"image.default\">\n\t\t\t\t<div class=\"elementor-widget-container\">\n\t\t\t\t\t\t\t\t\t\t\t\t\t<img fetchpriority=\"high\" decoding=\"async\" width=\"500\" height=\"500\" src=\"https:\/\/astronicweb.com\/wp-content\/uploads\/2024\/04\/1695706048Apple-iPhone-15-Pro-black-bnw_11zon-1_11zon-removebg-preview.png\" class=\"attachment-full size-full wp-image-3175\" alt=\"\" srcset=\"https:\/\/astronicweb.com\/wp-content\/uploads\/2024\/04\/1695706048Apple-iPhone-15-Pro-black-bnw_11zon-1_11zon-removebg-preview.png 500w, https:\/\/astronicweb.com\/wp-content\/uploads\/2024\/04\/1695706048Apple-iPhone-15-Pro-black-bnw_11zon-1_11zon-removebg-preview-300x300.png 300w, https:\/\/astronicweb.com\/wp-content\/uploads\/2024\/04\/1695706048Apple-iPhone-15-Pro-black-bnw_11zon-1_11zon-removebg-preview-150x150.png 150w, https:\/\/astronicweb.com\/wp-content\/uploads\/2024\/04\/1695706048Apple-iPhone-15-Pro-black-bnw_11zon-1_11zon-removebg-preview-12x12.png 12w\" sizes=\"(max-width: 500px) 100vw, 500px\" \/>\t\t\t\t\t\t\t\t\t\t\t\t\t<\/div>\n\t\t\t\t<\/div>\n\t\t\t\t<div class=\"elementor-element elementor-element-13da493 text elementor-widget elementor-widget-text-editor\" data-id=\"13da493\" data-element_type=\"widget\" data-widget_type=\"text-editor.default\">\n\t\t\t\t<div class=\"elementor-widget-container\">\n\t\t\t\t\t\t\t<p>iPhone<\/p>\t\t\t\t\t\t<\/div>\n\t\t\t\t<\/div>\n\t\t\t\t<\/a>\n\t\t<a class=\"elementor-element elementor-element-7319206 e-con-full container e-flex e-con e-child\" data-id=\"7319206\" data-element_type=\"container\" data-settings=\"{&quot;_ha_eqh_enable&quot;:false}\" href=\"https:\/\/astronicweb.com\/de\/apfel\/#iPadID1\">\n\t\t\t\t<div class=\"elementor-element elementor-element-074547f elementor-widget elementor-widget-image\" data-id=\"074547f\" data-element_type=\"widget\" data-widget_type=\"image.default\">\n\t\t\t\t<div class=\"elementor-widget-container\">\n\t\t\t\t\t\t\t\t\t\t\t\t\t<img decoding=\"async\" width=\"560\" height=\"446\" src=\"https:\/\/astronicweb.com\/wp-content\/uploads\/2024\/04\/Apple_iPadOS___1_-removebg-preview.png\" class=\"attachment-full size-full wp-image-3177\" alt=\"\" srcset=\"https:\/\/astronicweb.com\/wp-content\/uploads\/2024\/04\/Apple_iPadOS___1_-removebg-preview.png 560w, https:\/\/astronicweb.com\/wp-content\/uploads\/2024\/04\/Apple_iPadOS___1_-removebg-preview-300x239.png 300w, https:\/\/astronicweb.com\/wp-content\/uploads\/2024\/04\/Apple_iPadOS___1_-removebg-preview-15x12.png 15w\" sizes=\"(max-width: 560px) 100vw, 560px\" \/>\t\t\t\t\t\t\t\t\t\t\t\t\t<\/div>\n\t\t\t\t<\/div>\n\t\t\t\t<div class=\"elementor-element elementor-element-c8a9ff7 text elementor-widget elementor-widget-text-editor\" data-id=\"c8a9ff7\" data-element_type=\"widget\" data-widget_type=\"text-editor.default\">\n\t\t\t\t<div class=\"elementor-widget-container\">\n\t\t\t\t\t\t\t<p>iPad<\/p>\t\t\t\t\t\t<\/div>\n\t\t\t\t<\/div>\n\t\t\t\t<\/a>\n\t\t<a class=\"elementor-element elementor-element-28b65ca e-con-full container e-flex e-con e-child\" data-id=\"28b65ca\" data-element_type=\"container\" data-settings=\"{&quot;_ha_eqh_enable&quot;:false}\" href=\"https:\/\/astronicweb.com\/de\/apfel\/#MacBookID1\">\n\t\t\t\t<div class=\"elementor-element elementor-element-a6fba67 elementor-widget elementor-widget-image\" data-id=\"a6fba67\" data-element_type=\"widget\" data-widget_type=\"image.default\">\n\t\t\t\t<div class=\"elementor-widget-container\">\n\t\t\t\t\t\t\t\t\t\t\t\t\t<img decoding=\"async\" width=\"577\" height=\"433\" src=\"https:\/\/astronicweb.com\/wp-content\/uploads\/2024\/04\/960x0_11zon-removebg-preview.png\" class=\"attachment-full size-full wp-image-3206\" alt=\"\" srcset=\"https:\/\/astronicweb.com\/wp-content\/uploads\/2024\/04\/960x0_11zon-removebg-preview.png 577w, https:\/\/astronicweb.com\/wp-content\/uploads\/2024\/04\/960x0_11zon-removebg-preview-300x225.png 300w, https:\/\/astronicweb.com\/wp-content\/uploads\/2024\/04\/960x0_11zon-removebg-preview-16x12.png 16w\" sizes=\"(max-width: 577px) 100vw, 577px\" \/>\t\t\t\t\t\t\t\t\t\t\t\t\t<\/div>\n\t\t\t\t<\/div>\n\t\t\t\t<div class=\"elementor-element elementor-element-ed8394c text elementor-widget elementor-widget-text-editor\" data-id=\"ed8394c\" data-element_type=\"widget\" data-widget_type=\"text-editor.default\">\n\t\t\t\t<div class=\"elementor-widget-container\">\n\t\t\t\t\t\t\t<p class=\"elementor-heading-title elementor-size-default\">MacBook\u00a0<\/p>\t\t\t\t\t\t<\/div>\n\t\t\t\t<\/div>\n\t\t\t\t<\/a>\n\t\t<a class=\"elementor-element elementor-element-4eea600 e-con-full container e-flex e-con e-child\" data-id=\"4eea600\" data-element_type=\"container\" data-settings=\"{&quot;_ha_eqh_enable&quot;:false}\" href=\"https:\/\/astronicweb.com\/de\/samsung-gerat\/\">\n\t\t\t\t<div class=\"elementor-element elementor-element-1c32e9e elementor-widget elementor-widget-image\" data-id=\"1c32e9e\" data-element_type=\"widget\" data-widget_type=\"image.default\">\n\t\t\t\t<div class=\"elementor-widget-container\">\n\t\t\t\t\t\t\t\t\t\t\t\t\t<img loading=\"lazy\" decoding=\"async\" width=\"577\" height=\"433\" src=\"https:\/\/astronicweb.com\/wp-content\/uploads\/2024\/04\/samsung-story1_11zon-removebg-preview.png\" class=\"attachment-full size-full wp-image-3270\" alt=\"\" srcset=\"https:\/\/astronicweb.com\/wp-content\/uploads\/2024\/04\/samsung-story1_11zon-removebg-preview.png 577w, https:\/\/astronicweb.com\/wp-content\/uploads\/2024\/04\/samsung-story1_11zon-removebg-preview-300x225.png 300w, https:\/\/astronicweb.com\/wp-content\/uploads\/2024\/04\/samsung-story1_11zon-removebg-preview-16x12.png 16w\" sizes=\"(max-width: 577px) 100vw, 577px\" \/>\t\t\t\t\t\t\t\t\t\t\t\t\t<\/div>\n\t\t\t\t<\/div>\n\t\t\t\t<div class=\"elementor-element elementor-element-de55f31 text elementor-widget elementor-widget-text-editor\" data-id=\"de55f31\" data-element_type=\"widget\" data-widget_type=\"text-editor.default\">\n\t\t\t\t<div class=\"elementor-widget-container\">\n\t\t\t\t\t\t\t<p>Samsung<\/p>\t\t\t\t\t\t<\/div>\n\t\t\t\t<\/div>\n\t\t\t\t<\/a>\n\t\t\t\t\t<\/div>\n\t\t\t\t<\/div>\n\t\t<div class=\"elementor-element elementor-element-d72fe0e e-flex e-con-boxed e-con e-parent\" data-id=\"d72fe0e\" data-element_type=\"container\" data-settings=\"{&quot;_ha_eqh_enable&quot;:false}\">\n\t\t\t\t\t<div class=\"e-con-inner\">\n\t\t<a class=\"elementor-element elementor-element-51b01ff e-con-full container e-flex e-con e-child\" data-id=\"51b01ff\" data-element_type=\"container\" data-settings=\"{&quot;_ha_eqh_enable&quot;:false}\" href=\"https:\/\/astronicweb.com\/de\/samsung-gerat\/#samsungtabID\">\n\t\t\t\t<div class=\"elementor-element elementor-element-ebf3c6d elementor-widget elementor-widget-image\" data-id=\"ebf3c6d\" data-element_type=\"widget\" data-widget_type=\"image.default\">\n\t\t\t\t<div class=\"elementor-widget-container\">\n\t\t\t\t\t\t\t\t\t\t\t\t\t<img loading=\"lazy\" decoding=\"async\" width=\"300\" height=\"300\" src=\"https:\/\/astronicweb.com\/wp-content\/uploads\/2024\/04\/989faad53b236b4d9c599bf7016d31ec-300x300-removebg-preview.png\" class=\"attachment-full size-full wp-image-3187\" alt=\"\" srcset=\"https:\/\/astronicweb.com\/wp-content\/uploads\/2024\/04\/989faad53b236b4d9c599bf7016d31ec-300x300-removebg-preview.png 300w, https:\/\/astronicweb.com\/wp-content\/uploads\/2024\/04\/989faad53b236b4d9c599bf7016d31ec-300x300-removebg-preview-150x150.png 150w, https:\/\/astronicweb.com\/wp-content\/uploads\/2024\/04\/989faad53b236b4d9c599bf7016d31ec-300x300-removebg-preview-12x12.png 12w\" sizes=\"(max-width: 300px) 100vw, 300px\" \/>\t\t\t\t\t\t\t\t\t\t\t\t\t<\/div>\n\t\t\t\t<\/div>\n\t\t\t\t<div class=\"elementor-element elementor-element-f9711a8 text elementor-widget elementor-widget-text-editor\" data-id=\"f9711a8\" data-element_type=\"widget\" data-widget_type=\"text-editor.default\">\n\t\t\t\t<div class=\"elementor-widget-container\">\n\t\t\t\t\t\t\t<p>Samsung Tab<\/p>\t\t\t\t\t\t<\/div>\n\t\t\t\t<\/div>\n\t\t\t\t<\/a>\n\t\t<a class=\"elementor-element elementor-element-4e835ab e-con-full container e-flex e-con e-child\" data-id=\"4e835ab\" data-element_type=\"container\" data-settings=\"{&quot;_ha_eqh_enable&quot;:false}\" href=\"https:\/\/astronicweb.com\/de\/huawei-telefone\/\">\n\t\t\t\t<div class=\"elementor-element elementor-element-f921549 elementor-widget elementor-widget-image\" data-id=\"f921549\" data-element_type=\"widget\" data-widget_type=\"image.default\">\n\t\t\t\t<div class=\"elementor-widget-container\">\n\t\t\t\t\t\t\t\t\t\t\t\t\t<img loading=\"lazy\" decoding=\"async\" width=\"500\" height=\"500\" src=\"https:\/\/astronicweb.com\/wp-content\/uploads\/2024\/04\/huawei-p30-lite-pakistan-priceoye-gglr3_11zon__1_-removebg-preview.png\" class=\"attachment-full size-full wp-image-3211\" alt=\"\" srcset=\"https:\/\/astronicweb.com\/wp-content\/uploads\/2024\/04\/huawei-p30-lite-pakistan-priceoye-gglr3_11zon__1_-removebg-preview.png 500w, https:\/\/astronicweb.com\/wp-content\/uploads\/2024\/04\/huawei-p30-lite-pakistan-priceoye-gglr3_11zon__1_-removebg-preview-300x300.png 300w, https:\/\/astronicweb.com\/wp-content\/uploads\/2024\/04\/huawei-p30-lite-pakistan-priceoye-gglr3_11zon__1_-removebg-preview-150x150.png 150w, https:\/\/astronicweb.com\/wp-content\/uploads\/2024\/04\/huawei-p30-lite-pakistan-priceoye-gglr3_11zon__1_-removebg-preview-12x12.png 12w\" sizes=\"(max-width: 500px) 100vw, 500px\" \/>\t\t\t\t\t\t\t\t\t\t\t\t\t<\/div>\n\t\t\t\t<\/div>\n\t\t\t\t<div class=\"elementor-element elementor-element-2a8f4d3 text elementor-widget elementor-widget-text-editor\" data-id=\"2a8f4d3\" data-element_type=\"widget\" data-widget_type=\"text-editor.default\">\n\t\t\t\t<div class=\"elementor-widget-container\">\n\t\t\t\t\t\t\t<p>Huwaei\u00a0<\/p>\t\t\t\t\t\t<\/div>\n\t\t\t\t<\/div>\n\t\t\t\t<\/a>\n\t\t<a class=\"elementor-element elementor-element-ad2810f e-con-full container e-flex e-con e-child\" data-id=\"ad2810f\" data-element_type=\"container\" data-settings=\"{&quot;_ha_eqh_enable&quot;:false}\" href=\"https:\/\/astronicweb.com\/de\/xiaomi-telefone\/\">\n\t\t\t\t<div class=\"elementor-element elementor-element-5e382bb elementor-widget elementor-widget-image\" data-id=\"5e382bb\" data-element_type=\"widget\" data-widget_type=\"image.default\">\n\t\t\t\t<div class=\"elementor-widget-container\">\n\t\t\t\t\t\t\t\t\t\t\t\t\t<img loading=\"lazy\" decoding=\"async\" width=\"500\" height=\"500\" src=\"https:\/\/astronicweb.com\/wp-content\/uploads\/2024\/04\/c4866f7bdd20c6ed7acf6082417dd340-1_11zon-removebg-preview.png\" class=\"attachment-full size-full wp-image-3204\" alt=\"\" srcset=\"https:\/\/astronicweb.com\/wp-content\/uploads\/2024\/04\/c4866f7bdd20c6ed7acf6082417dd340-1_11zon-removebg-preview.png 500w, https:\/\/astronicweb.com\/wp-content\/uploads\/2024\/04\/c4866f7bdd20c6ed7acf6082417dd340-1_11zon-removebg-preview-300x300.png 300w, https:\/\/astronicweb.com\/wp-content\/uploads\/2024\/04\/c4866f7bdd20c6ed7acf6082417dd340-1_11zon-removebg-preview-150x150.png 150w, https:\/\/astronicweb.com\/wp-content\/uploads\/2024\/04\/c4866f7bdd20c6ed7acf6082417dd340-1_11zon-removebg-preview-12x12.png 12w\" sizes=\"(max-width: 500px) 100vw, 500px\" \/>\t\t\t\t\t\t\t\t\t\t\t\t\t<\/div>\n\t\t\t\t<\/div>\n\t\t\t\t<div class=\"elementor-element elementor-element-96b766c text elementor-widget elementor-widget-text-editor\" data-id=\"96b766c\" data-element_type=\"widget\" data-widget_type=\"text-editor.default\">\n\t\t\t\t<div class=\"elementor-widget-container\">\n\t\t\t\t\t\t\t<p class=\"elementor-heading-title elementor-size-default\">Xiaomi\u00a0<\/p>\t\t\t\t\t\t<\/div>\n\t\t\t\t<\/div>\n\t\t\t\t<\/a>\n\t\t<a class=\"elementor-element elementor-element-ab0e92c e-con-full container e-flex e-con e-child\" data-id=\"ab0e92c\" data-element_type=\"container\" data-settings=\"{&quot;_ha_eqh_enable&quot;:false}\" href=\"https:\/\/astronicweb.com\/de\/redmi-telefone\/\">\n\t\t\t\t<div class=\"elementor-element elementor-element-c04419f elementor-widget elementor-widget-image\" data-id=\"c04419f\" data-element_type=\"widget\" data-widget_type=\"image.default\">\n\t\t\t\t<div class=\"elementor-widget-container\">\n\t\t\t\t\t\t\t\t\t\t\t\t\t<img loading=\"lazy\" decoding=\"async\" width=\"500\" height=\"500\" src=\"https:\/\/astronicweb.com\/wp-content\/uploads\/2024\/04\/0a634fb4-477c-450d-940a-0d2b4398d207-removebg-preview.png\" class=\"attachment-full size-full wp-image-3195\" alt=\"\" srcset=\"https:\/\/astronicweb.com\/wp-content\/uploads\/2024\/04\/0a634fb4-477c-450d-940a-0d2b4398d207-removebg-preview.png 500w, https:\/\/astronicweb.com\/wp-content\/uploads\/2024\/04\/0a634fb4-477c-450d-940a-0d2b4398d207-removebg-preview-300x300.png 300w, https:\/\/astronicweb.com\/wp-content\/uploads\/2024\/04\/0a634fb4-477c-450d-940a-0d2b4398d207-removebg-preview-150x150.png 150w, https:\/\/astronicweb.com\/wp-content\/uploads\/2024\/04\/0a634fb4-477c-450d-940a-0d2b4398d207-removebg-preview-12x12.png 12w\" sizes=\"(max-width: 500px) 100vw, 500px\" \/>\t\t\t\t\t\t\t\t\t\t\t\t\t<\/div>\n\t\t\t\t<\/div>\n\t\t\t\t<div class=\"elementor-element elementor-element-f8931f2 text elementor-widget elementor-widget-text-editor\" data-id=\"f8931f2\" data-element_type=\"widget\" data-widget_type=\"text-editor.default\">\n\t\t\t\t<div class=\"elementor-widget-container\">\n\t\t\t\t\t\t\t<p>Redmi\u00a0<\/p>\t\t\t\t\t\t<\/div>\n\t\t\t\t<\/div>\n\t\t\t\t<\/a>\n\t\t\t\t\t<\/div>\n\t\t\t\t<\/div>\n\t\t\t\t<section class=\"elementor-section elementor-top-section elementor-element elementor-element-46aa836 elementor-hidden-desktop elementor-hidden-tablet elementor-hidden-mobile elementor-section-boxed elementor-section-height-default elementor-section-height-default\" data-id=\"46aa836\" data-element_type=\"section\" data-settings=\"{&quot;_ha_eqh_enable&quot;:false}\">\n\t\t\t\t\t\t<div class=\"elementor-container elementor-column-gap-default\">\n\t\t\t\t\t<div class=\"elementor-column elementor-col-100 elementor-top-column elementor-element elementor-element-7733369\" data-id=\"7733369\" data-element_type=\"column\">\n\t\t\t<div class=\"elementor-widget-wrap elementor-element-populated\">\n\t\t\t\t\t\t<section class=\"elementor-section elementor-inner-section elementor-element elementor-element-8c3b9e4 elementor-section-boxed elementor-section-height-default elementor-section-height-default elementor-invisible\" data-id=\"8c3b9e4\" data-element_type=\"section\" data-settings=\"{&quot;animation&quot;:&quot;fadeIn&quot;,&quot;animation_delay&quot;:200,&quot;_ha_eqh_enable&quot;:false}\">\n\t\t\t\t\t\t<div class=\"elementor-container elementor-column-gap-default\">\n\t\t\t\t\t<div class=\"elementor-column elementor-col-33 elementor-inner-column elementor-element elementor-element-566edd5\" data-id=\"566edd5\" data-element_type=\"column\">\n\t\t\t<div class=\"elementor-widget-wrap elementor-element-populated\">\n\t\t\t\t\t\t<div class=\"elementor-element elementor-element-15f2519 elementor-flip-box--effect-zoom-out elementor-widget elementor-widget-flip-box\" data-id=\"15f2519\" data-element_type=\"widget\" data-widget_type=\"flip-box.default\">\n\t\t\t\t<div class=\"elementor-widget-container\">\n\t\t\t\t\t<div class=\"elementor-flip-box\" tabindex=\"0\">\n\t\t\t<div class=\"elementor-flip-box__layer elementor-flip-box__front\">\n\t\t\t\t<div class=\"elementor-flip-box__layer__overlay\">\n\t\t\t\t\t<div class=\"elementor-flip-box__layer__inner\">\n\t\t\t\t\t\t\t\t\t\t\t\t\t<div class=\"elementor-icon-wrapper elementor-view-framed elementor-shape-circle\">\n\t\t\t\t\t\t\t\t<div class=\"elementor-icon\">\n\t\t\t\t\t\t\t\t\t<i class=\"lnr lnr-laptop\"><\/i>\t\t\t\t\t\t\t\t<\/div>\n\t\t\t\t\t\t\t<\/div>\n\t\t\t\t\t\t\n\t\t\t\t\t\t\t\t\t\t\t\t\t<h3 class=\"elementor-flip-box__layer__title\">\n\t\t\t\t\t\t\t\tPC-\/Laptop-Reparatur\t\t\t\t\t\t\t<\/h3>\n\t\t\t\t\t\t\n\t\t\t\t\t\t\t\t\t\t\t\t\t<div class=\"elementor-flip-box__layer__description\">\n\t\t\t\t\t\t\t\tIn unserer Fachwerkstatt f\u00fchren wir Reparaturen und Verbesserungen schnell, kompetent und effektiv durch. \u00dcberpr\u00fcfen Sie zun\u00e4chst Ihren PC\/Laptop und teilen Sie Ihnen die m\u00f6glichen Vorgehensweisen mit.\t\t\t\t\t\t\t<\/div>\n\t\t\t\t\t\t\t\t\t\t\t<\/div>\n\t\t\t\t<\/div>\n\t\t\t<\/div>\n\t\t\t<div class=\"elementor-flip-box__layer elementor-flip-box__back\">\n\t\t\t<div class=\"elementor-flip-box__layer__overlay\">\n\t\t\t\t<div class=\"elementor-flip-box__layer__inner\">\n\t\t\t\t\t\t\t\t\t\t\t<h3 class=\"elementor-flip-box__layer__title\">\n\t\t\t\t\t\t\tPC-\/Laptop-Reparatur\t\t\t\t\t\t<\/h3>\n\t\t\t\t\t\n\t\t\t\t\t\t\t\t\t\t\t<div class=\"elementor-flip-box__layer__description\">\n\t\t\t\t\t\t\tWir k\u00f6nnen Ihren Computer in der Regel innerhalb weniger Tage reparieren. Selbstverst\u00e4ndlich gilt unser Reparaturservice f\u00fcr alle Fabrikate, unabh\u00e4ngig davon, wann und wo Sie sie gekauft haben. Gerne erweitern wir Ihren Computer auch um fehlende oder hochwertigere Hardware-Komponenten und Software\t\t\t\t\t\t<\/div>\n\t\t\t\t\t\n\t\t\t\t\t\t\t\t\t\t\t<a class=\"elementor-flip-box__button elementor-button elementor-size-xs\" href=\"https:\/\/astronicweb.com\/de\/pc-laptop-reparatur\/\">\n\t\t\t\t\t\t\tErfahren Sie mehr\t\t\t\t\t\t<\/a>\n\t\t\t\t\t\t\t\t<\/div>\n\t\t<\/div>\n\t\t<\/div>\n\t\t<\/div>\n\t\t\t\t<\/div>\n\t\t\t\t<\/div>\n\t\t\t\t\t<\/div>\n\t\t<\/div>\n\t\t\t\t<div class=\"elementor-column elementor-col-33 elementor-inner-column elementor-element elementor-element-4356300\" data-id=\"4356300\" data-element_type=\"column\">\n\t\t\t<div class=\"elementor-widget-wrap elementor-element-populated\">\n\t\t\t\t\t\t<div class=\"elementor-element elementor-element-e1db196 elementor-flip-box--effect-zoom-out elementor-widget elementor-widget-flip-box\" data-id=\"e1db196\" data-element_type=\"widget\" data-widget_type=\"flip-box.default\">\n\t\t\t\t<div class=\"elementor-widget-container\">\n\t\t\t\t\t<div class=\"elementor-flip-box\" tabindex=\"0\">\n\t\t\t<div class=\"elementor-flip-box__layer elementor-flip-box__front\">\n\t\t\t\t<div class=\"elementor-flip-box__layer__overlay\">\n\t\t\t\t\t<div class=\"elementor-flip-box__layer__inner\">\n\t\t\t\t\t\t\t\t\t\t\t\t\t<div class=\"elementor-icon-wrapper elementor-view-framed elementor-shape-circle\">\n\t\t\t\t\t\t\t\t<div class=\"elementor-icon\">\n\t\t\t\t\t\t\t\t\t<i class=\"icon icon-smartphone2\"><\/i>\t\t\t\t\t\t\t\t<\/div>\n\t\t\t\t\t\t\t<\/div>\n\t\t\t\t\t\t\n\t\t\t\t\t\t\t\t\t\t\t\t\t<h3 class=\"elementor-flip-box__layer__title\">\n\t\t\t\t\t\t\t\tSmartphone-\/Handy-Reparatur\t\t\t\t\t\t\t<\/h3>\n\t\t\t\t\t\t\n\t\t\t\t\t\t\t\t\t\t\t\t\t<div class=\"elementor-flip-box__layer__description\">\n\t\t\t\t\t\t\t\tIhr Handy oder Smartphone funktioniert nicht mehr? Dann sind wir Ihr Ansprechpartner f\u00fcr alle Probleme rund um Ihre Mobilger\u00e4te. \t\t\t\t\t\t\t<\/div>\n\t\t\t\t\t\t\t\t\t\t\t<\/div>\n\t\t\t\t<\/div>\n\t\t\t<\/div>\n\t\t\t<div class=\"elementor-flip-box__layer elementor-flip-box__back\">\n\t\t\t<div class=\"elementor-flip-box__layer__overlay\">\n\t\t\t\t<div class=\"elementor-flip-box__layer__inner\">\n\t\t\t\t\t\t\t\t\t\t\t<h3 class=\"elementor-flip-box__layer__title\">\n\t\t\t\t\t\t\tSmartphone-\/Handy-Reparatur\t\t\t\t\t\t<\/h3>\n\t\t\t\t\t\n\t\t\t\t\t\t\t\t\t\t\t<div class=\"elementor-flip-box__layer__description\">\n\t\t\t\t\t\t\tEine professionelle Reparatur sollte nicht nur schnell und effektiv, sondern vor allem transparent sein. Deshalb suchen wir zun\u00e4chst nach dem Fehler, beraten Sie dann und reparieren nur das Notwendige.\t\t\t\t\t\t<\/div>\n\t\t\t\t\t\n\t\t\t\t\t\t\t\t\t\t\t<a class=\"elementor-flip-box__button elementor-button elementor-size-xs\" href=\"https:\/\/astronicweb.com\/de\/reparatur-von-mobiltelefonen-und-smartphones\/\">\n\t\t\t\t\t\t\tErfahren Sie mehr\t\t\t\t\t\t<\/a>\n\t\t\t\t\t\t\t\t<\/div>\n\t\t<\/div>\n\t\t<\/div>\n\t\t<\/div>\n\t\t\t\t<\/div>\n\t\t\t\t<\/div>\n\t\t\t\t\t<\/div>\n\t\t<\/div>\n\t\t\t\t<div class=\"elementor-column elementor-col-33 elementor-inner-column elementor-element elementor-element-57ec11e\" data-id=\"57ec11e\" data-element_type=\"column\">\n\t\t\t<div class=\"elementor-widget-wrap elementor-element-populated\">\n\t\t\t\t\t\t<div class=\"elementor-element elementor-element-04a1896 elementor-flip-box--effect-zoom-out elementor-widget elementor-widget-flip-box\" data-id=\"04a1896\" data-element_type=\"widget\" data-widget_type=\"flip-box.default\">\n\t\t\t\t<div class=\"elementor-widget-container\">\n\t\t\t\t\t<div class=\"elementor-flip-box\" tabindex=\"0\">\n\t\t\t<div class=\"elementor-flip-box__layer elementor-flip-box__front\">\n\t\t\t\t<div class=\"elementor-flip-box__layer__overlay\">\n\t\t\t\t\t<div class=\"elementor-flip-box__layer__inner\">\n\t\t\t\t\t\t\t\t\t\t\t\t\t<div class=\"elementor-icon-wrapper elementor-view-framed elementor-shape-circle\">\n\t\t\t\t\t\t\t\t<div class=\"elementor-icon\">\n\t\t\t\t\t\t\t\t\t<i class=\"lnr lnr-tablet\"><\/i>\t\t\t\t\t\t\t\t<\/div>\n\t\t\t\t\t\t\t<\/div>\n\t\t\t\t\t\t\n\t\t\t\t\t\t\t\t\t\t\t\t\t<h3 class=\"elementor-flip-box__layer__title\">\n\t\t\t\t\t\t\t\tTablet-Reparatur\t\t\t\t\t\t\t<\/h3>\n\t\t\t\t\t\t\n\t\t\t\t\t\t\t\t\t\t\t\t\t<div class=\"elementor-flip-box__layer__description\">\n\t\t\t\t\t\t\t\tTablets erfreuen sich heutzutage immer gr\u00f6\u00dferer Beliebtheit. Kein Wunder, denn die Vorteile moderner Technologie sind in einem Tablet vereint.\t\t\t\t\t\t\t<\/div>\n\t\t\t\t\t\t\t\t\t\t\t<\/div>\n\t\t\t\t<\/div>\n\t\t\t<\/div>\n\t\t\t<div class=\"elementor-flip-box__layer elementor-flip-box__back\">\n\t\t\t<div class=\"elementor-flip-box__layer__overlay\">\n\t\t\t\t<div class=\"elementor-flip-box__layer__inner\">\n\t\t\t\t\t\t\t\t\t\t\t<h3 class=\"elementor-flip-box__layer__title\">\n\t\t\t\t\t\t\tTablet-Reparatur\t\t\t\t\t\t<\/h3>\n\t\t\t\t\t\n\t\t\t\t\t\t\t\t\t\t\t<div class=\"elementor-flip-box__layer__description\">\n\t\t\t\t\t\t\tDas Tablet ist deutlich kompakter und leichter als ein Laptop. Und dann gen\u00fcgt ein unachtsamer Moment, eine schwungvolle Bewegung und schon passiert es.\t\t\t\t\t\t<\/div>\n\t\t\t\t\t\n\t\t\t\t\t\t\t\t\t\t\t<a class=\"elementor-flip-box__button elementor-button elementor-size-xs\" href=\"https:\/\/astronicweb.com\/de\/tablet-reparatur\/\">\n\t\t\t\t\t\t\tErfahren Sie mehr\t\t\t\t\t\t<\/a>\n\t\t\t\t\t\t\t\t<\/div>\n\t\t<\/div>\n\t\t<\/div>\n\t\t<\/div>\n\t\t\t\t<\/div>\n\t\t\t\t<\/div>\n\t\t\t\t\t<\/div>\n\t\t<\/div>\n\t\t\t\t\t<\/div>\n\t\t<\/section>\n\t\t\t\t\t<\/div>\n\t\t<\/div>\n\t\t\t\t\t<\/div>\n\t\t<\/section>\n\t\t<div class=\"elementor-element elementor-element-e91c806 e-flex e-con-boxed e-con e-parent\" data-id=\"e91c806\" data-element_type=\"container\" data-settings=\"{&quot;_ha_eqh_enable&quot;:false}\">\n\t\t\t\t\t<div class=\"e-con-inner\">\n\t\t\t\t<div class=\"elementor-element elementor-element-4352a07 elementor-widget elementor-widget-spacer\" data-id=\"4352a07\" data-element_type=\"widget\" data-widget_type=\"spacer.default\">\n\t\t\t\t<div class=\"elementor-widget-container\">\n\t\t\t\t\t<div class=\"elementor-spacer\">\n\t\t\t<div class=\"elementor-spacer-inner\"><\/div>\n\t\t<\/div>\n\t\t\t\t<\/div>\n\t\t\t\t<\/div>\n\t\t\t\t\t<\/div>\n\t\t\t\t<\/div>\n\t\t\t\t<\/div>","protected":false},"excerpt":{"rendered":"<p>Unser Angebot Preisliste iPhone iPad MacBook Samsung Samsung Tab Huwaei Xiaomi Redmi PC\/Laptop Reparatur In unserer Fachwerkstatt f\u00fchren wir Reparaturen und Verbesserungen schnell, kompetent und effektiv durch. Wir pr\u00fcfen zun\u00e4chst Ihren PC\/Laptop und erkl\u00e4ren Ihnen die m\u00f6glichen Vorgehensweisen. PC\/Laptop Reparatur Wir k\u00f6nnen Ihren Computer in der Regel innerhalb weniger Tage reparieren. Nat\u00fcrlich k\u00f6nnen unsere [\u2026]<\/p>","protected":false},"author":2,"featured_media":0,"parent":0,"menu_order":0,"comment_status":"closed","ping_status":"closed","template":"elementor_header_footer","meta":{"_acf_changed":false,"two_page_speed":[],"footnotes":""},"class_list":["post-3071","page","type-page","status-publish","hentry"],"acf":[],"_links":{"self":[{"href":"https:\/\/astronicweb.com\/de\/wp-json\/wp\/v2\/pages\/3071","targetHints":{"allow":["GET"]}}],"collection":[{"href":"https:\/\/astronicweb.com\/de\/wp-json\/wp\/v2\/pages"}],"about":[{"href":"https:\/\/astronicweb.com\/de\/wp-json\/wp\/v2\/types\/page"}],"author":[{"embeddable":true,"href":"https:\/\/astronicweb.com\/de\/wp-json\/wp\/v2\/users\/2"}],"replies":[{"embeddable":true,"href":"https:\/\/astronicweb.com\/de\/wp-json\/wp\/v2\/comments?post=3071"}],"version-history":[{"count":10,"href":"https:\/\/astronicweb.com\/de\/wp-json\/wp\/v2\/pages\/3071\/revisions"}],"predecessor-version":[{"id":4297,"href":"https:\/\/astronicweb.com\/de\/wp-json\/wp\/v2\/pages\/3071\/revisions\/4297"}],"wp:attachment":[{"href":"https:\/\/astronicweb.com\/de\/wp-json\/wp\/v2\/media?parent=3071"}],"curies":[{"name":"wp","href":"https:\/\/api.w.org\/{rel}","templated":true}]}}