{"id":2575,"date":"2024-04-18T17:35:17","date_gmt":"2024-04-18T17:35:17","guid":{"rendered":"https:\/\/astronicweb.com\/?page_id=2575"},"modified":"2024-12-30T19:23:23","modified_gmt":"2024-12-30T19:23:23","slug":"imprint","status":"publish","type":"page","link":"https:\/\/astronicweb.com\/de\/impressum\/","title":{"rendered":"Impressum"},"content":{"rendered":"<div data-elementor-type=\"wp-page\" data-elementor-id=\"2575\" class=\"elementor elementor-2575\" data-elementor-settings=\"{&quot;ha_cmc_init_switcher&quot;:&quot;no&quot;}\" data-elementor-post-type=\"page\">\n\t\t\t\t<div class=\"elementor-element elementor-element-2945f5e e-flex e-con-boxed e-con e-parent\" data-id=\"2945f5e\" data-element_type=\"container\" data-settings=\"{&quot;_ha_eqh_enable&quot;:false}\">\n\t\t\t\t\t<div class=\"e-con-inner\">\n\t\t\t\t<div class=\"elementor-element elementor-element-8de1ff6 elementor-widget elementor-widget-text-editor\" data-id=\"8de1ff6\" data-element_type=\"widget\" data-widget_type=\"text-editor.default\">\n\t\t\t\t<div class=\"elementor-widget-container\">\n\t\t\t\t\t\t\t<h2>Angaben gem\u00e4\u00df \u00a7 5 TMG<\/h2><p>as-tronic GmbH<br \/>Semmelstr 40<br \/>97070 W\u00fcrzburg<\/p><p>Handelsregister: HRB: 15048<br \/>Registergericht: W\u00fcrzburg<\/p><p><strong>Vertreten durch:<\/strong><br \/>Gesch\u00e4ftsf\u00fchrer: Waqas, Farzana<\/p><h2>Kontakt<\/h2><p>Telefon: 0931\/45253229<br \/>Fax: 0931\/45253243<br \/>Email:\u00a0<span id=\"cloak9011f9fe668d8d6f448024cdfc7097b0\"><a href=\"mailto:mail@as-tronic-web.de\">mail@as-tronic-web.de<\/a><\/span><\/p><h2>Steuer ID<\/h2><p>Umsatzsteuer-Identifikationsnummer gem\u00e4\u00df \u00a727 a Umsatzsteuergesetz:<br \/><br \/><\/p><h2>Angaben zur Berufshaftpflichtversicherung<\/h2><p><strong>Name und Sitz des Versicherers:<\/strong><br \/><br \/><\/p><p><strong>Geltungsbereich der Versicherung:<\/strong><br \/>Deutschland<\/p><h2>Streitschlichtung<\/h2><p>Die Europ\u00e4ische Kommission stellt eine Plattform zur Online-Streitbeilegung (OS) bereit:\u00a0<a href=\"https:\/\/ec.europa.eu\/consumers\/odr\" target=\"_blank\" rel=\"noopener noreferrer\">https:\/\/ec.europa.eu\/consumers\/odr<\/a>\u00a0.<br \/>Unsere E-Mail-Adresse finden Sie oben im Impressum.<\/p><p>Wir sind nicht bereit oder verpflichtet, an Streitbeilegungsverfahren vor einer Verbraucherschlichtungsstelle teilzunehmen.<\/p><h3>Haftung f\u00fcr Inhalte<\/h3><p>Als Diensteanbieter sind wir gem\u00e4\u00df \u00a7 7 Abs.1 TMG f\u00fcr eigene Inhalte auf diesen Seiten nach den allgemeinen Gesetzen verantwortlich. Nach \u00a7\u00a7 8 bis 10 TMG sind wir als Diensteanbieter jedoch nicht verpflichtet, \u00fcbermittelte oder gespeicherte fremde Informationen zu \u00fcberwachen oder nach Umst\u00e4nden zu forschen, die auf eine rechtswidrige T\u00e4tigkeit hinweisen.<\/p><p>Verpflichtungen zur Entfernung oder Sperrung der Nutzung von Informationen nach den allgemeinen Gesetzen bleiben hiervon unber\u00fchrt. Eine diesbez\u00fcgliche Haftung ist jedoch erst ab dem Zeitpunkt der Kenntnis einer konkreten Rechtsverletzung m\u00f6glich. Bei Bekanntwerden von entsprechenden Rechtsverletzungen werden wir diese Inhalte umgehend entfernen.<\/p><h3>Haftung f\u00fcr Links<\/h3><p>Unser Angebot enth\u00e4lt Links zu externen Websites Dritter, auf deren Inhalte wir keinen Einfluss haben. Deshalb k\u00f6nnen wir f\u00fcr diese fremden Inhalte auch keine Gew\u00e4hr \u00fcbernehmen. F\u00fcr die Inhalte der verlinkten Seiten ist stets der jeweilige Anbieter oder Betreiber der Seiten verantwortlich. Die verlinkten Seiten wurden zum Zeitpunkt der Verlinkung auf m\u00f6gliche Rechtsverst\u00f6\u00dfe \u00fcberpr\u00fcft. Rechtswidrige Inhalte waren zum Zeitpunkt der Verlinkung nicht erkennbar.<\/p><p>Eine permanente inhaltliche Kontrolle der verlinkten Seiten ist jedoch ohne konkrete Anhaltspunkte einer Rechtsverletzung nicht zumutbar. Bei Bekanntwerden von Rechtsverletzungen werden wir derartige Links umgehend entfernen.<\/p><p>\u00a0<\/p>\t\t\t\t\t\t<\/div>\n\t\t\t\t<\/div>\n\t\t\t\t\t<\/div>\n\t\t\t\t<\/div>\n\t\t\t\t<\/div>","protected":false},"excerpt":{"rendered":"<p>According to \u00a7 5 TMG as-tronic GmbHSemmelstr 4097070 W\u00fcrzburg Commercial register: HRB: 15048Register court: W\u00fcrzburg Represented by:Managing Director: Waqas, Farzana Contact Telephone: 0931\/45253229Fax: 0931\/45253243Email:\u00a0mail@as-tronic-web.de Tax ID Sales tax identification number in accordance with Section 27 a of the Sales Tax Act: Information about professional liability insurance Name and registered office of the insurer: Area of [&hellip;]<\/p>","protected":false},"author":2,"featured_media":0,"parent":0,"menu_order":0,"comment_status":"closed","ping_status":"closed","template":"","meta":{"_acf_changed":false,"two_page_speed":[],"footnotes":""},"class_list":["post-2575","page","type-page","status-publish","hentry"],"acf":[],"_links":{"self":[{"href":"https:\/\/astronicweb.com\/de\/wp-json\/wp\/v2\/pages\/2575","targetHints":{"allow":["GET"]}}],"collection":[{"href":"https:\/\/astronicweb.com\/de\/wp-json\/wp\/v2\/pages"}],"about":[{"href":"https:\/\/astronicweb.com\/de\/wp-json\/wp\/v2\/types\/page"}],"author":[{"embeddable":true,"href":"https:\/\/astronicweb.com\/de\/wp-json\/wp\/v2\/users\/2"}],"replies":[{"embeddable":true,"href":"https:\/\/astronicweb.com\/de\/wp-json\/wp\/v2\/comments?post=2575"}],"version-history":[{"count":10,"href":"https:\/\/astronicweb.com\/de\/wp-json\/wp\/v2\/pages\/2575\/revisions"}],"predecessor-version":[{"id":4390,"href":"https:\/\/astronicweb.com\/de\/wp-json\/wp\/v2\/pages\/2575\/revisions\/4390"}],"wp:attachment":[{"href":"https:\/\/astronicweb.com\/de\/wp-json\/wp\/v2\/media?parent=2575"}],"curies":[{"name":"wp","href":"https:\/\/api.w.org\/{rel}","templated":true}]}}