{"id":2569,"date":"2024-04-18T17:28:05","date_gmt":"2024-04-18T17:28:05","guid":{"rendered":"https:\/\/astronicweb.com\/?page_id=2569"},"modified":"2024-04-18T17:34:07","modified_gmt":"2024-04-18T17:34:07","slug":"conditions","status":"publish","type":"page","link":"https:\/\/astronicweb.com\/de\/bedingungen\/","title":{"rendered":"Bedingungen"},"content":{"rendered":"<div data-elementor-type=\"wp-page\" data-elementor-id=\"2569\" class=\"elementor elementor-2569\" data-elementor-settings=\"{&quot;ha_cmc_init_switcher&quot;:&quot;no&quot;}\" data-elementor-post-type=\"page\">\n\t\t\t\t<div class=\"elementor-element elementor-element-49ac9e9 e-flex e-con-boxed e-con e-parent\" data-id=\"49ac9e9\" data-element_type=\"container\" data-settings=\"{&quot;_ha_eqh_enable&quot;:false}\">\n\t\t\t\t\t<div class=\"e-con-inner\">\n\t\t\t\t<div class=\"elementor-element elementor-element-383cb4a elementor-widget elementor-widget-heading\" data-id=\"383cb4a\" data-element_type=\"widget\" data-widget_type=\"heading.default\">\n\t\t\t\t<div class=\"elementor-widget-container\">\n\t\t\t<h2 class=\"elementor-heading-title elementor-size-default\">Allgemeine Gesch\u00e4ftsbedingungen von as-tronic-web.de<\/h2>\t\t<\/div>\n\t\t\t\t<\/div>\n\t\t\t\t<div class=\"elementor-element elementor-element-fb20a46 elementor-widget elementor-widget-heading\" data-id=\"fb20a46\" data-element_type=\"widget\" data-widget_type=\"heading.default\">\n\t\t\t\t<div class=\"elementor-widget-container\">\n\t\t\t<h4 class=\"elementor-heading-title elementor-size-default\">\u00a7 1 Geltung der Allgemeinen Gesch\u00e4ftsbedingungen<\/h4>\t\t<\/div>\n\t\t\t\t<\/div>\n\t\t\t\t<div class=\"elementor-element elementor-element-f150918 elementor-widget elementor-widget-text-editor\" data-id=\"f150918\" data-element_type=\"widget\" data-widget_type=\"text-editor.default\">\n\t\t\t\t<div class=\"elementor-widget-container\">\n\t\t\t\t\t\t\t<p>(1) Die nachstehenden Allgemeinen Gesch\u00e4ftsbedingungen (AGB) gelten f\u00fcr s\u00e4mtliche gegenw\u00e4rtigen und zuk\u00fcnftigen Lieferungen und Leistungen an unsere Kunden in allen Vertragsteilen. (2) Die jeweiligen Leistungen und Lieferungen werden in selbst\u00e4ndigen Vertr\u00e4gen vereinbart, denen diese Allgemeinen Gesch\u00e4ftsbedingungen jeweils zzgl. der gesetzlichen Umsatzsteuer zugerechnet werden. Sind laufende Leistungen geschuldet, sind diese zum Zeitpunkt ihrer F\u00e4lligkeit zu bezahlen. Die Vertr\u00e4ge bed\u00fcrfen der Schriftform.<\/p>\t\t\t\t\t\t<\/div>\n\t\t\t\t<\/div>\n\t\t\t\t<div class=\"elementor-element elementor-element-d71306e elementor-widget elementor-widget-heading\" data-id=\"d71306e\" data-element_type=\"widget\" data-widget_type=\"heading.default\">\n\t\t\t\t<div class=\"elementor-widget-container\">\n\t\t\t<h4 class=\"elementor-heading-title elementor-size-default\">\u00a7 2 Zahlungsbedingungen<\/h4>\t\t<\/div>\n\t\t\t\t<\/div>\n\t\t\t\t<div class=\"elementor-element elementor-element-f94c3a3 elementor-widget elementor-widget-text-editor\" data-id=\"f94c3a3\" data-element_type=\"widget\" data-widget_type=\"text-editor.default\">\n\t\t\t\t<div class=\"elementor-widget-container\">\n\t\t\t\t\t\t\t<p>(1) Alle Preise gelten wie vertraglich vereinbart. (2) Ma\u00dfgeblich f\u00fcr alle angegebenen Preise ist der zum Zeitpunkt der Leistungserbringung oder des Vorliegens der gesetzlich g\u00fcltigen Voraussetzung geltende Umsatzsteuersatz. (3) Unter Einhaltung einer Ank\u00fcndigungsfrist von drei Monaten ist as-astronic-web.de berechtigt, regelm\u00e4\u00dfig f\u00e4llige Nutzungsentgelte durch schriftliche Mitteilung an den Kunden zu erh\u00f6hen. Bei einer Erh\u00f6hung der Entgelte um mehr als zehn Prozent ist der Kunde unter Einhaltung der Ank\u00fcndigungsfristen zur ordentlichen K\u00fcndigung berechtigt. Zwischen zwei Erh\u00f6hungen m\u00fcssen mindestens zw\u00f6lf Monate liegen. (4) F\u00e4lligkeit tritt am vereinbarten F\u00e4lligkeitstag oder bei Lieferung ein. Zahlungen sind bei F\u00e4lligkeit ohne Abz\u00fcge zu leisten. (5) as-tronic-web.de ist berechtigt, Wechsel oder Schecks abzulehnen. (6) as-tronic-web.de ist berechtigt, ihre Forderungen aus Lieferungen und Leistungen zu Finanzierungszwecken abzutreten. (7) Soweit nicht anders vereinbart, ist die Rechnung innerhalb von 7 Tagen nach Rechnungsdatum zur Zahlung f\u00e4llig.<\/p>\t\t\t\t\t\t<\/div>\n\t\t\t\t<\/div>\n\t\t\t\t<div class=\"elementor-element elementor-element-f901d13 elementor-widget elementor-widget-heading\" data-id=\"f901d13\" data-element_type=\"widget\" data-widget_type=\"heading.default\">\n\t\t\t\t<div class=\"elementor-widget-container\">\n\t\t\t<h4 class=\"elementor-heading-title elementor-size-default\">\u00a7 4 Zahlungsverzug<\/h4>\t\t<\/div>\n\t\t\t\t<\/div>\n\t\t\t\t<div class=\"elementor-element elementor-element-816582d elementor-widget elementor-widget-text-editor\" data-id=\"816582d\" data-element_type=\"widget\" data-widget_type=\"text-editor.default\">\n\t\t\t\t<div class=\"elementor-widget-container\">\n\t\t\t\t\t\t\t<p>(1) Ab Eintritt des Verzuges kann as-tronic-web.de Zinsen in H\u00f6he des von den Gesch\u00e4ftsbanken berechneten Zinssatzes f\u00fcr offene Kontokorrentkredite, mindestens jedoch 4% \u00fcber dem jeweiligen Diskontsatz der Deutschen Bundesbank, zzgl. der jeweiligen gesetzlichen Umsatzsteuer verlangen. Etwaig aufgelaufene Zinsen sind sofort f\u00e4llig. (2) Ger\u00e4t der Kunde mit einer Zahlung in Verzug oder liegen konkrete Anhaltspunkte f\u00fcr eine drohende Zahlungsunf\u00e4higkeit des Kunden vor, ist as-tronic-web.de berechtigt, die weitere Bearbeitung s\u00e4mtlicher Auftr\u00e4ge des Auftraggebers einzustellen. Er kann sofortige Vorauszahlung s\u00e4mtlicher Forderungen, auch Wechsel und gestundete Betr\u00e4ge, verlangen oder entsprechende Sicherheiten verlangen.<\/p>\t\t\t\t\t\t<\/div>\n\t\t\t\t<\/div>\n\t\t\t\t<div class=\"elementor-element elementor-element-3199ef3 elementor-widget elementor-widget-heading\" data-id=\"3199ef3\" data-element_type=\"widget\" data-widget_type=\"heading.default\">\n\t\t\t\t<div class=\"elementor-widget-container\">\n\t\t\t<h4 class=\"elementor-heading-title elementor-size-default\">\u00a7 5 Eigentumsvorbehalt<\/h4>\t\t<\/div>\n\t\t\t\t<\/div>\n\t\t\t\t<div class=\"elementor-element elementor-element-7de5994 elementor-widget elementor-widget-text-editor\" data-id=\"7de5994\" data-element_type=\"widget\" data-widget_type=\"text-editor.default\">\n\t\t\t\t<div class=\"elementor-widget-container\">\n\t\t\t\t\t\t\t<p><span>1) Leistungen aus diesem Vertrag bleiben bis zur Erf\u00fcllung s\u00e4mtlicher, auch k\u00fcnftiger, Forderungen aus diesem Vertrag und der gesamten Gesch\u00e4ftsverbindung mit dem Kunden Eigentum von as-tronic-web.de. Dieser Eigentumsvorbehalt erstreckt sich auch auf Programmkopien, die auf Datentr\u00e4gern \u00fcbergeben oder online \u00fcbermittelt werden und gilt auch f\u00fcr s\u00e4mtliche Begleitmaterialien. Sind lediglich Nutzungsrechte an Software einger\u00e4umt, gilt die vorstehende Regelung entsprechend f\u00fcr die \u00fcbergebenen Datentr\u00e4ger.<\/span><\/p>\t\t\t\t\t\t<\/div>\n\t\t\t\t<\/div>\n\t\t\t\t<div class=\"elementor-element elementor-element-61de431 elementor-widget elementor-widget-heading\" data-id=\"61de431\" data-element_type=\"widget\" data-widget_type=\"heading.default\">\n\t\t\t\t<div class=\"elementor-widget-container\">\n\t\t\t<h4 class=\"elementor-heading-title elementor-size-default\">\u00a7 6 Lieferungen<\/h4>\t\t<\/div>\n\t\t\t\t<\/div>\n\t\t\t\t<div class=\"elementor-element elementor-element-558bacd elementor-widget elementor-widget-text-editor\" data-id=\"558bacd\" data-element_type=\"widget\" data-widget_type=\"text-editor.default\">\n\t\t\t\t<div class=\"elementor-widget-container\">\n\t\t\t\t\t\t\t<p>(1) Von as-tronic-web.de genannte Termine und Fristen sind unverbindlich, sofern nicht ausdr\u00fccklich etwas anderes vereinbart wurde. Die Liefertermine gelten nur unter der Voraussetzung richtiger und rechtzeitiger Selbstbelieferung durch as-tronic-web.de. Die Termine und Fristen beginnen mit dem Tag der Auftragsbest\u00e4tigung durch as-tronic-web.de und verl\u00e4ngern sich vorbehaltlich aller Rechte von as-tronic-web.de um die Zeit, in der sich der Kunde in Zahlungsverzug befindet. Teillieferungen sind im Rahmen des Vertragsverh\u00e4ltnisses zul\u00e4ssig, sofern die Annahme nicht mit unverh\u00e4ltnism\u00e4\u00dfigen Aufwendungen f\u00fcr den Kunden verbunden ist, sofern nichts anderes schriftlich vereinbart ist. (2) Liefer- und Leistungsverz\u00f6gerungen aufgrund h\u00f6herer Gewalt oder aufgrund von Ereignissen, die die Lieferung wesentlich erschweren oder unm\u00f6glich machen, hat as-tronic-web.de auch bei verbindlich vereinbarten Fristen und Terminen nicht zu vertreten. Hierzu geh\u00f6ren Arbeitsk\u00e4mpfe, Betriebsst\u00f6rungen, beh\u00f6rdliche Anordnungen, Materialbeschaffungsschwierigkeiten, auch wenn sie bei Lieferanten oder bei Lieferanten von as-tronic-web.de eintreten. As-tronic-web.de ist dann berechtigt, die Leistung bzw. Lieferung um die Dauer der Behinderung zzgl. einer angemessenen Anlaufzeit hinauszuschieben. Dar\u00fcber hinaus kann as-tronic-web.de wegen des noch nicht erf\u00fcllten Teils der Leistung ganz oder teilweise vom Vertrag zur\u00fccktreten.<\/p>\t\t\t\t\t\t<\/div>\n\t\t\t\t<\/div>\n\t\t\t\t<div class=\"elementor-element elementor-element-a343cc6 elementor-widget elementor-widget-heading\" data-id=\"a343cc6\" data-element_type=\"widget\" data-widget_type=\"heading.default\">\n\t\t\t\t<div class=\"elementor-widget-container\">\n\t\t\t<h4 class=\"elementor-heading-title elementor-size-default\">\u00a7 7 Gew\u00e4hrleistung<\/h4>\t\t<\/div>\n\t\t\t\t<\/div>\n\t\t\t\t<div class=\"elementor-element elementor-element-f465bca elementor-widget elementor-widget-text-editor\" data-id=\"f465bca\" data-element_type=\"widget\" data-widget_type=\"text-editor.default\">\n\t\t\t\t<div class=\"elementor-widget-container\">\n\t\t\t\t\t\t\t<p><span>(1) Die vertragliche Gew\u00e4hrleistung ist auf 1 Monat ab \u00dcbergabe bzw. ab Abnahme, sofern diese vereinbart wurde, beschr\u00e4nkt. Gew\u00e4hrleistungsanspr\u00fcche gegen as-tronic-web.de stehen nur dem unmittelbaren Kunden zu und sind nicht abtretbar.<\/span><\/p>\t\t\t\t\t\t<\/div>\n\t\t\t\t<\/div>\n\t\t\t\t<div class=\"elementor-element elementor-element-c9fed90 elementor-widget elementor-widget-heading\" data-id=\"c9fed90\" data-element_type=\"widget\" data-widget_type=\"heading.default\">\n\t\t\t\t<div class=\"elementor-widget-container\">\n\t\t\t<h4 class=\"elementor-heading-title elementor-size-default\">\u00a7 8 Haftung<\/h4>\t\t<\/div>\n\t\t\t\t<\/div>\n\t\t\t\t<div class=\"elementor-element elementor-element-4a7749d elementor-widget elementor-widget-text-editor\" data-id=\"4a7749d\" data-element_type=\"widget\" data-widget_type=\"text-editor.default\">\n\t\t\t\t<div class=\"elementor-widget-container\">\n\t\t\t\t\t\t\t<p><span>(1) As-tronic-web.de haftet beschr\u00e4nkt auf grobe Fahrl\u00e4ssigkeit und Vorsatz, Verzug, Unm\u00f6glichkeit, anf\u00e4ngliches Unverm\u00f6gen und f\u00fcr das Vorhandensein zugesicherter Eigenschaften hinsichtlich wesentlicher Vertragspflichten. Die Haftung ist auf den vorhersehbaren Schaden begrenzt. Sie gilt auch f\u00fcr Erf\u00fcllungsgehilfen. Jede weitere Haftung ist ausgeschlossen. Dies gilt auch f\u00fcr Mangelfolgesch\u00e4den und Datenverlust. (2) F\u00fcr die Rekonstruktion von Daten haftet as-tronic-web.de nur, wenn die Daten vom Kunden aktuell und vollst\u00e4ndig, also t\u00e4glich, gesichert wurden. Die Rekonstruktion muss mit vertretbarem Aufwand m\u00f6glich sein. (3) F\u00fcr Ausfallzeiten, w\u00e4hrend denen das Angebot von as-tronic-web.de aus Gr\u00fcnden, die nicht von ihr zu vertreten sind, \u00fcber elektronische Netze nicht zu empfangen ist, \u00fcbernimmt as-tronic-web.de keine Haftung. (4) Haftung und Schadensersatzanspr\u00fcche sind auf den Auftragswert beschr\u00e4nkt. (5) Bei von as-tronic-web.de durchgef\u00fchrten Reparaturen an Gebrauchtger\u00e4ten haftet as-tronic-web.de nur f\u00fcr grob fahrl\u00e4ssig verursachte Besch\u00e4digungen der Ger\u00e4te. Reparaturen f\u00fchrt as-tronic-web.de mit gr\u00f6\u00dftm\u00f6glicher Sorgfalt durch. Sollten im Zuge einer Reparatur dennoch M\u00e4ngel auftreten, so \u00fcbernimmt as-tronic-web.de hierf\u00fcr, zumindest bei Gebrauchtger\u00e4ten, keinerlei Haftung!<\/span><\/p>\t\t\t\t\t\t<\/div>\n\t\t\t\t<\/div>\n\t\t\t\t<div class=\"elementor-element elementor-element-133255d elementor-widget elementor-widget-heading\" data-id=\"133255d\" data-element_type=\"widget\" data-widget_type=\"heading.default\">\n\t\t\t\t<div class=\"elementor-widget-container\">\n\t\t\t<h4 class=\"elementor-heading-title elementor-size-default\">\u00a7 9 Pflichten des Kunden<\/h4>\t\t<\/div>\n\t\t\t\t<\/div>\n\t\t\t\t<div class=\"elementor-element elementor-element-50e8e39 elementor-widget elementor-widget-text-editor\" data-id=\"50e8e39\" data-element_type=\"widget\" data-widget_type=\"text-editor.default\">\n\t\t\t\t<div class=\"elementor-widget-container\">\n\t\t\t\t\t\t\t<p>(1) Der Kunde verpflichtet sich, s\u00e4mtliche Informationen \u00fcber die Hard- und Software sowie vorvertragliche und vertragliche Korrespondenz w\u00e4hrend der gesamten Nutzungsdauer und auch nach deren Beendigung vertraulich zu behandeln. Die Informationen d\u00fcrfen Dritten nicht zug\u00e4nglich gemacht werden. Mitarbeiter des Kunden sind entsprechend zu verpflichten. (2) Die Hard- und Software wird vom Kunden vor unberechtigtem Zugriff oder Zugriff Dritter gesch\u00fctzt. Diese Verpflichtung gilt gegen\u00fcber dem Kunden bzw. sonstigen Vertragspartnern des Kunden und erstreckt sich auf das gesamte Unternehmen. (3) Der Kunde schafft s\u00e4mtliche Voraussetzungen, die f\u00fcr die ordnungsgem\u00e4\u00dfe Durchf\u00fchrung der vertraglich vereinbarten Leistungen von as-tronic-web.de erforderlich sind. Zielkonzepte, Organisationskonzepte und Vorschl\u00e4ge sowie Software sind vom Kunden unverz\u00fcglich nach \u00dcbergabe bzw. Erstellung f\u00f6rmlich abzunehmen. Nutzt der Kunde die ihm \u00fcberlassene Hard- und Software oder verstreichen vier Wochen nach \u00dcbergabe der Hard- und Software, ohne dass M\u00e4ngel ger\u00fcgt werden, gilt die Abnahme als erfolgt. (4) Lagergeb\u00fchr\/nicht abgeholte Produkte as-tronic-web.de beh\u00e4lt sich das Recht vor, Lagergeb\u00fchren wegen Nichtzahlung von Leistungen oder sonstiger Nichtzahlung nach F\u00e4lligkeit, 60 Tage nach Auftragserteilung, zu erheben. as-tronic-web.de ist berechtigt, Produkte, die l\u00e4nger als 3 Monate bei as-tronic-web.de verbleiben, unter folgenden Voraussetzungen als herrenlos zu behandeln: (a) Ablauf des F\u00e4lligkeitsdatums f\u00fcr die Bezahlung von Leistungen. (b) K\u00fcndigung des Vertrages durch den Kunden oder Nichterteilung der Befugnis an as-tronic-web.de zur Erbringung der Leistungen ganz oder teilweise oder Nichtzahlung von Transport- oder Zusatzkosten f\u00fcr die R\u00fccksendung der Produkte an den Kunden. (c) Produkte, die nach 3 Monaten Lagerung generell nicht vom Kunden abgeholt wurden. Herrenlose Produkte werden verkauft oder verwendet und as-tronic-web.de verwertet den daraus erzielten Erl\u00f6s nach eigenem Ermessen.<\/p>\t\t\t\t\t\t<\/div>\n\t\t\t\t<\/div>\n\t\t\t\t<div class=\"elementor-element elementor-element-ae61c0e elementor-widget elementor-widget-heading\" data-id=\"ae61c0e\" data-element_type=\"widget\" data-widget_type=\"heading.default\">\n\t\t\t\t<div class=\"elementor-widget-container\">\n\t\t\t<h4 class=\"elementor-heading-title elementor-size-default\">\u00a7 10 Datenschutz<\/h4>\t\t<\/div>\n\t\t\t\t<\/div>\n\t\t\t\t<div class=\"elementor-element elementor-element-beecbc1 elementor-widget elementor-widget-text-editor\" data-id=\"beecbc1\" data-element_type=\"widget\" data-widget_type=\"text-editor.default\">\n\t\t\t\t<div class=\"elementor-widget-container\">\n\t\t\t\t\t\t\t<p>(1) Werden im Rahmen der T\u00e4tigkeiten (einschlie\u00dflich Datenrettung) personenbezogene Daten von as-tronic-web.de verarbeitet, so beachtet as-tronic-web.de die geltenden datenschutzrechtlichen Bestimmungen. Daten werden grunds\u00e4tzlich f\u00fcr Dritte unzug\u00e4nglich aufbewahrt. Gegen\u00fcber Dritten wahrt as-tronic-web.de absolute Vertraulichkeit. Dar\u00fcber hinaus werden die notwendigen Sicherheitsma\u00dfnahmen getroffen, um den erforderlichen Datenschutz zu gew\u00e4hrleisten. Die gesicherten Daten speichern wir f\u00fcr 14 Tage und l\u00f6schen sie anschlie\u00dfend mittels einer speziellen Software unwiederbringlich.<\/p>\t\t\t\t\t\t<\/div>\n\t\t\t\t<\/div>\n\t\t\t\t<div class=\"elementor-element elementor-element-435bc7c elementor-widget elementor-widget-heading\" data-id=\"435bc7c\" data-element_type=\"widget\" data-widget_type=\"heading.default\">\n\t\t\t\t<div class=\"elementor-widget-container\">\n\t\t\t<h4 class=\"elementor-heading-title elementor-size-default\">\u00a7 11 Datensicherheit und Datenweitergabe<\/h4>\t\t<\/div>\n\t\t\t\t<\/div>\n\t\t\t\t<div class=\"elementor-element elementor-element-55d6ad3 elementor-widget elementor-widget-text-editor\" data-id=\"55d6ad3\" data-element_type=\"widget\" data-widget_type=\"text-editor.default\">\n\t\t\t\t<div class=\"elementor-widget-container\">\n\t\t\t\t\t\t\t<p>(1)Der Kunde stellt as-tronic-web.de von s\u00e4mtlichen Anspr\u00fcchen hinsichtlich \u00fcberlassener Daten frei. Werden Daten an as-tronic-web.de \u00fcbermittelt, in welcher Form auch immer, verpflichtet sich der Kunde zur Sicherung der Daten. Im Falle eines Datenverlustes verpflichtet sich der Kunde zur unentgeltlichen \u00dcbermittlung der betreffenden Datens\u00e4tze. Es wird ausdr\u00fccklich darauf hingewiesen, dass eine Reparatur zu Datenverlust f\u00fchren kann. Daten, Lizenzen, installierte Software etc. sind daher vorab vom Kunden zu sichern! Auf Wunsch k\u00f6nnen wir gegen Aufpreis eine Datensicherung durchf\u00fchren.<\/p>\t\t\t\t\t\t<\/div>\n\t\t\t\t<\/div>\n\t\t\t\t<div class=\"elementor-element elementor-element-4136147 elementor-widget elementor-widget-heading\" data-id=\"4136147\" data-element_type=\"widget\" data-widget_type=\"heading.default\">\n\t\t\t\t<div class=\"elementor-widget-container\">\n\t\t\t<h4 class=\"elementor-heading-title elementor-size-default\">\u00a7 12 Vertragslaufzeit, K\u00fcndigung<\/h4>\t\t<\/div>\n\t\t\t\t<\/div>\n\t\t\t\t<div class=\"elementor-element elementor-element-4173bda elementor-widget elementor-widget-text-editor\" data-id=\"4173bda\" data-element_type=\"widget\" data-widget_type=\"text-editor.default\">\n\t\t\t\t<div class=\"elementor-widget-container\">\n\t\t\t\t\t\t\t<p>(1) Der Kunde kann K\u00fcndigung oder R\u00fccktritt erst erkl\u00e4ren, wenn as-tronic-web.de die vereinbarte und verl\u00e4ngerte Liefer- und Leistungsverpflichtung \u00fcberschritten hat. Dar\u00fcber hinaus muss zur K\u00fcndigung oder zum R\u00fccktritt eine vom Kunden gesetzte angemessene Nachfrist erfolglos abgelaufen sein. (2)Sollte im Vertrag keine ausdr\u00fcckliche K\u00fcndigungsfrist vereinbart worden sein, gilt eine K\u00fcndigungsfrist von drei Monaten zum Quartalsende.<\/p>\t\t\t\t\t\t<\/div>\n\t\t\t\t<\/div>\n\t\t\t\t<div class=\"elementor-element elementor-element-99c5cc9 elementor-widget elementor-widget-heading\" data-id=\"99c5cc9\" data-element_type=\"widget\" data-widget_type=\"heading.default\">\n\t\t\t\t<div class=\"elementor-widget-container\">\n\t\t\t<h4 class=\"elementor-heading-title elementor-size-default\">\u00a7 17 Allgemeine Vertragsbestimmungen<\/h4>\t\t<\/div>\n\t\t\t\t<\/div>\n\t\t\t\t<div class=\"elementor-element elementor-element-2506191 elementor-widget elementor-widget-text-editor\" data-id=\"2506191\" data-element_type=\"widget\" data-widget_type=\"text-editor.default\">\n\t\t\t\t<div class=\"elementor-widget-container\">\n\t\t\t\t\t\t\t<p>(1) M\u00fcndliche Nebenabreden wurden zwischen den Vertragsparteien nicht getroffen. Nachtr\u00e4gliche Erg\u00e4nzungen oder \u00c4nderungen der getroffenen Vereinbarungen bed\u00fcrfen der Schriftform. Ein m\u00fcndlicher Verzicht auf die Schriftform ist ausgeschlossen. (2) Sollten eine oder mehrere Bestimmungen dieser Bedingungen oder der auf ihnen beruhenden zus\u00e4tzlichen Bedingungen und Vereinbarungen unwirksam sein, so soll hierdurch die Wirksamkeit der \u00fcbrigen Bestimmungen nicht ber\u00fchrt und anstelle der unwirksamen Bestimmungen oder zur Ausf\u00fcllung der L\u00fccke eine angemessene, zul\u00e4ssige Regelung treten, die die Vertragsparteien gewollt haben oder nach dem Sinn und Zweck der Bedingungen gewollt h\u00e4tten, sofern sie die Unwirksamkeit oder L\u00fccke bedacht h\u00e4tten.<\/p>\t\t\t\t\t\t<\/div>\n\t\t\t\t<\/div>\n\t\t\t\t\t<\/div>\n\t\t\t\t<\/div>\n\t\t\t\t<\/div>","protected":false},"excerpt":{"rendered":"<p>Allgemeine Gesch\u00e4ftsbedingungen von as-tronic-web.de \u00a7 1 Geltung der Allgemeinen Gesch\u00e4ftsbedingungen (1) Die nachstehenden Allgemeinen Gesch\u00e4ftsbedingungen (AGB) gelten f\u00fcr alle gegenw\u00e4rtigen und zuk\u00fcnftigen Lieferungen und Leistungen an unsere Kunden in allen Vertragsteilen. (2) Die jeweiligen Leistungen und Lieferungen werden in eigenst\u00e4ndigen Vertr\u00e4gen vereinbart, auf die diese Allgemeinen Gesch\u00e4ftsbedingungen [\u2026]<\/p>","protected":false},"author":2,"featured_media":0,"parent":0,"menu_order":0,"comment_status":"closed","ping_status":"closed","template":"","meta":{"_acf_changed":false,"two_page_speed":[],"footnotes":""},"class_list":["post-2569","page","type-page","status-publish","hentry"],"acf":[],"_links":{"self":[{"href":"https:\/\/astronicweb.com\/de\/wp-json\/wp\/v2\/pages\/2569","targetHints":{"allow":["GET"]}}],"collection":[{"href":"https:\/\/astronicweb.com\/de\/wp-json\/wp\/v2\/pages"}],"about":[{"href":"https:\/\/astronicweb.com\/de\/wp-json\/wp\/v2\/types\/page"}],"author":[{"embeddable":true,"href":"https:\/\/astronicweb.com\/de\/wp-json\/wp\/v2\/users\/2"}],"replies":[{"embeddable":true,"href":"https:\/\/astronicweb.com\/de\/wp-json\/wp\/v2\/comments?post=2569"}],"version-history":[{"count":4,"href":"https:\/\/astronicweb.com\/de\/wp-json\/wp\/v2\/pages\/2569\/revisions"}],"predecessor-version":[{"id":2573,"href":"https:\/\/astronicweb.com\/de\/wp-json\/wp\/v2\/pages\/2569\/revisions\/2573"}],"wp:attachment":[{"href":"https:\/\/astronicweb.com\/de\/wp-json\/wp\/v2\/media?parent=2569"}],"curies":[{"name":"wp","href":"https:\/\/api.w.org\/{rel}","templated":true}]}}